{"id":3545,"date":"2022-02-17T15:06:39","date_gmt":"2022-02-17T15:06:39","guid":{"rendered":"https:\/\/scmsolar.com\/?page_id=3545"},"modified":"2024-05-10T12:18:56","modified_gmt":"2024-05-10T12:18:56","slug":"blog","status":"publish","type":"page","link":"https:\/\/scmsolar.com\/es\/blog\/","title":{"rendered":"Blog"},"content":{"rendered":"\t\t<div data-elementor-type=\"wp-page\" data-elementor-id=\"3545\" class=\"elementor elementor-3545\" data-elementor-post-type=\"page\">\n\t\t\t\t\t\t<section class=\"elementor-section elementor-top-section elementor-element elementor-element-07b0ec5 elementor-section-boxed elementor-section-height-default elementor-section-height-default\" data-id=\"07b0ec5\" data-element_type=\"section\" data-e-type=\"section\">\n\t\t\t\t\t\t<div class=\"elementor-container elementor-column-gap-default\">\n\t\t\t\t\t<div class=\"elementor-column elementor-col-100 elementor-top-column elementor-element elementor-element-191abb9\" data-id=\"191abb9\" data-element_type=\"column\" data-e-type=\"column\">\n\t\t\t<div class=\"elementor-widget-wrap elementor-element-populated\">\n\t\t\t\t\t\t<div class=\"elementor-element elementor-element-90f9fd6 elementor-widget elementor-widget-spacer\" data-id=\"90f9fd6\" data-element_type=\"widget\" data-e-type=\"widget\" data-widget_type=\"spacer.default\">\n\t\t\t\t<div class=\"elementor-widget-container\">\n\t\t\t\t\t\t\t<div class=\"elementor-spacer\">\n\t\t\t<div class=\"elementor-spacer-inner\"><\/div>\n\t\t<\/div>\n\t\t\t\t\t\t<\/div>\n\t\t\t\t<\/div>\n\t\t\t\t\t<\/div>\n\t\t<\/div>\n\t\t\t\t\t<\/div>\n\t\t<\/section>\n\t\t\t\t<section class=\"elementor-section elementor-top-section elementor-element elementor-element-ac31151 elementor-section-full_width elementor-section-height-default elementor-section-height-default\" data-id=\"ac31151\" data-element_type=\"section\" data-e-type=\"section\">\n\t\t\t\t\t\t<div class=\"elementor-container elementor-column-gap-default\">\n\t\t\t\t\t<div class=\"elementor-column elementor-col-100 elementor-top-column elementor-element elementor-element-89ab03e\" data-id=\"89ab03e\" data-element_type=\"column\" data-e-type=\"column\">\n\t\t\t<div class=\"elementor-widget-wrap elementor-element-populated\">\n\t\t\t\t\t\t<div class=\"elementor-element elementor-element-26e0c67 elementor-widget elementor-widget-heading\" data-id=\"26e0c67\" data-element_type=\"widget\" data-e-type=\"widget\" data-widget_type=\"heading.default\">\n\t\t\t\t<div class=\"elementor-widget-container\">\n\t\t\t\t\t<h1 class=\"elementor-heading-title elementor-size-default\">Blog<\/h1>\t\t\t\t<\/div>\n\t\t\t\t<\/div>\n\t\t\t\t<div class=\"elementor-element elementor-element-e2443f1 elementor-widget elementor-widget-heading\" data-id=\"e2443f1\" data-element_type=\"widget\" data-e-type=\"widget\" data-widget_type=\"heading.default\">\n\t\t\t\t<div class=\"elementor-widget-container\">\n\t\t\t\t\t<p class=\"elementor-heading-title elementor-size-default\">Equipos de Limpieza Solar<\/p>\t\t\t\t<\/div>\n\t\t\t\t<\/div>\n\t\t\t\t\t<\/div>\n\t\t<\/div>\n\t\t\t\t\t<\/div>\n\t\t<\/section>\n\t\t\t\t<section class=\"elementor-section elementor-top-section elementor-element elementor-element-6403277a elementor-section-boxed elementor-section-height-default elementor-section-height-default\" data-id=\"6403277a\" data-element_type=\"section\" data-e-type=\"section\">\n\t\t\t\t\t\t<div class=\"elementor-container elementor-column-gap-default\">\n\t\t\t\t\t<div class=\"elementor-column elementor-col-50 elementor-top-column elementor-element elementor-element-666b6132\" data-id=\"666b6132\" data-element_type=\"column\" data-e-type=\"column\">\n\t\t\t<div class=\"elementor-widget-wrap elementor-element-populated\">\n\t\t\t\t\t\t<div class=\"elementor-element elementor-element-640e63eb elementor-widget-divider--separator-type-pattern elementor-widget-divider--view-line elementor-widget elementor-widget-divider\" data-id=\"640e63eb\" data-element_type=\"widget\" data-e-type=\"widget\" data-widget_type=\"divider.default\">\n\t\t\t\t<div class=\"elementor-widget-container\">\n\t\t\t\t\t\t\t<div class=\"elementor-divider\" style=\"--divider-pattern-url: url(&quot;data:image\/svg+xml,%3Csvg xmlns=&#039;http:\/\/www.w3.org\/2000\/svg&#039; preserveAspectRatio=&#039;none&#039; overflow=&#039;visible&#039; height=&#039;100%&#039; viewBox=&#039;0 0 20 16&#039; fill=&#039;none&#039; stroke=&#039;black&#039; stroke-width=&#039;2.2&#039; stroke-linecap=&#039;square&#039; stroke-miterlimit=&#039;10&#039;%3E%3Cg transform=&#039;translate(-12.000000, 0)&#039;%3E%3Cpath d=&#039;M28,0L10,18&#039;\/%3E%3Cpath d=&#039;M18,0L0,18&#039;\/%3E%3Cpath d=&#039;M48,0L30,18&#039;\/%3E%3Cpath d=&#039;M38,0L20,18&#039;\/%3E%3C\/g%3E%3C\/svg%3E&quot;);\">\n\t\t\t<span class=\"elementor-divider-separator\">\n\t\t\t\t\t\t<\/span>\n\t\t<\/div>\n\t\t\t\t\t\t<\/div>\n\t\t\t\t<\/div>\n\t\t\t\t<div class=\"elementor-element elementor-element-6bb691d5 elementor-widget elementor-widget-heading\" data-id=\"6bb691d5\" data-element_type=\"widget\" data-e-type=\"widget\" data-widget_type=\"heading.default\">\n\t\t\t\t<div class=\"elementor-widget-container\">\n\t\t\t\t\t<p class=\"elementor-heading-title elementor-size-default\">aprende sobre equipos de limpieza para paneles solares<\/p>\t\t\t\t<\/div>\n\t\t\t\t<\/div>\n\t\t\t\t\t<\/div>\n\t\t<\/div>\n\t\t\t\t<div class=\"elementor-column elementor-col-50 elementor-top-column elementor-element elementor-element-54e47f3\" data-id=\"54e47f3\" data-element_type=\"column\" data-e-type=\"column\">\n\t\t\t<div class=\"elementor-widget-wrap elementor-element-populated\">\n\t\t\t\t\t\t<div class=\"elementor-element elementor-element-3ab62cd2 elementor-widget elementor-widget-text-editor\" data-id=\"3ab62cd2\" data-element_type=\"widget\" data-e-type=\"widget\" data-widget_type=\"text-editor.default\">\n\t\t\t\t<div class=\"elementor-widget-container\">\n\t\t\t\t\t\t\t\t\t<p><b>Soluciones eficientes de limpieza para paneles solares<\/b> ya que, SCM es el \u00fanico fabricante mundial que ofrece soluciones tanto de brazos hidr\u00e1ulicos como de robots (manual y autom\u00e1tico), por lo que podemos aconsejar a nuestros clientes cu\u00e1l es <a href=\"https:\/\/www.iberdrola.com\/innovacion\/programa-internacional-startups-perseo\/concurso-startups-limpieza-paneles-fotovoltaicos\" target=\"_blank\" rel=\"noopener\">la mejor soluci\u00f3n en funci\u00f3n de sus necesidades<\/a><\/p>\t\t\t\t\t\t\t\t<\/div>\n\t\t\t\t<\/div>\n\t\t\t\t<div class=\"elementor-element elementor-element-e41c939 elementor-widget elementor-widget-spacer\" data-id=\"e41c939\" data-element_type=\"widget\" data-e-type=\"widget\" data-widget_type=\"spacer.default\">\n\t\t\t\t<div class=\"elementor-widget-container\">\n\t\t\t\t\t\t\t<div class=\"elementor-spacer\">\n\t\t\t<div class=\"elementor-spacer-inner\"><\/div>\n\t\t<\/div>\n\t\t\t\t\t\t<\/div>\n\t\t\t\t<\/div>\n\t\t\t\t\t<\/div>\n\t\t<\/div>\n\t\t\t\t\t<\/div>\n\t\t<\/section>\n\t\t\t\t<section class=\"elementor-section elementor-top-section elementor-element elementor-element-4f30df4 elementor-section-boxed elementor-section-height-default elementor-section-height-default\" data-id=\"4f30df4\" data-element_type=\"section\" data-e-type=\"section\">\n\t\t\t\t\t\t<div class=\"elementor-container elementor-column-gap-default\">\n\t\t\t\t\t<div class=\"elementor-column elementor-col-100 elementor-top-column elementor-element elementor-element-2063754\" data-id=\"2063754\" data-element_type=\"column\" data-e-type=\"column\">\n\t\t\t<div class=\"elementor-widget-wrap elementor-element-populated\">\n\t\t\t\t\t\t<div class=\"elementor-element elementor-element-2fc7dd6 elementor-widget elementor-widget-spacer\" data-id=\"2fc7dd6\" data-element_type=\"widget\" data-e-type=\"widget\" data-widget_type=\"spacer.default\">\n\t\t\t\t<div class=\"elementor-widget-container\">\n\t\t\t\t\t\t\t<div class=\"elementor-spacer\">\n\t\t\t<div class=\"elementor-spacer-inner\"><\/div>\n\t\t<\/div>\n\t\t\t\t\t\t<\/div>\n\t\t\t\t<\/div>\n\t\t\t\t\t<\/div>\n\t\t<\/div>\n\t\t\t\t\t<\/div>\n\t\t<\/section>\n\t\t\t\t<section class=\"elementor-section elementor-top-section elementor-element elementor-element-3633f3f4 elementor-section-stretched elementor-section-boxed elementor-section-height-default elementor-section-height-default\" data-id=\"3633f3f4\" data-element_type=\"section\" data-e-type=\"section\" data-settings=\"{&quot;stretch_section&quot;:&quot;section-stretched&quot;}\">\n\t\t\t\t\t\t<div class=\"elementor-container elementor-column-gap-default\">\n\t\t\t\t\t<div class=\"elementor-column elementor-col-100 elementor-top-column elementor-element elementor-element-23b654bc\" data-id=\"23b654bc\" data-element_type=\"column\" data-e-type=\"column\">\n\t\t\t<div class=\"elementor-widget-wrap elementor-element-populated\">\n\t\t\t\t\t\t<div class=\"elementor-element elementor-element-3fa95e80 elementor-posts--align-center elementor-posts__hover-none elementor-grid-tablet-3 elementor-grid-3 elementor-grid-mobile-1 elementor-posts--thumbnail-top elementor-card-shadow-yes elementor-widget elementor-widget-posts\" data-id=\"3fa95e80\" data-element_type=\"widget\" data-e-type=\"widget\" data-settings=\"{&quot;cards_row_gap&quot;:{&quot;unit&quot;:&quot;px&quot;,&quot;size&quot;:90,&quot;sizes&quot;:[]},&quot;cards_columns_tablet&quot;:&quot;3&quot;,&quot;cards_masonry&quot;:&quot;yes&quot;,&quot;cards_columns&quot;:&quot;3&quot;,&quot;cards_columns_mobile&quot;:&quot;1&quot;,&quot;cards_row_gap_tablet&quot;:{&quot;unit&quot;:&quot;px&quot;,&quot;size&quot;:&quot;&quot;,&quot;sizes&quot;:[]},&quot;cards_row_gap_mobile&quot;:{&quot;unit&quot;:&quot;px&quot;,&quot;size&quot;:&quot;&quot;,&quot;sizes&quot;:[]}}\" data-widget_type=\"posts.cards\">\n\t\t\t\t<div class=\"elementor-widget-container\">\n\t\t\t\t\t\t\t<div class=\"elementor-posts-container elementor-posts elementor-posts--skin-cards elementor-grid\" role=\"list\">\n\t\t\t\t<article class=\"elementor-post elementor-grid-item post-13293 post type-post status-publish format-standard has-post-thumbnail hentry category-mantenimiento\" role=\"listitem\">\n\t\t\t<div class=\"elementor-post__card\">\n\t\t\t\t<a class=\"elementor-post__thumbnail__link\" href=\"https:\/\/scmsolar.com\/es\/mantenimiento\/guia-mantenimiento\/\" tabindex=\"-1\"><div class=\"elementor-post__thumbnail\"><img fetchpriority=\"high\" decoding=\"async\" width=\"891\" height=\"668\" src=\"https:\/\/scmsolar.com\/wp-content\/uploads\/2021\/03\/Modelo-A1-1-e1619624437747.jpg\" class=\"attachment-full size-full wp-image-952\" alt=\"equipo para limpiar paneles solares con superaci\u00f3n de saltos y de antena\" \/><\/div><\/a>\n\t\t\t\t<div class=\"elementor-post__badge\">Mantenimiento<\/div>\n\t\t\t\t<div class=\"elementor-post__text\">\n\t\t\t\t<h3 class=\"elementor-post__title\">\n\t\t\t<a href=\"https:\/\/scmsolar.com\/es\/mantenimiento\/guia-mantenimiento\/\">\n\t\t\t\tGu\u00eda para el Mantenimiento de las Placas Solares\t\t\t<\/a>\n\t\t<\/h3>\n\t\t\t\t<div class=\"elementor-post__excerpt\">\n\t\t\t<p>Aprende a mantener tus placas solares.<\/p>\n\t\t<\/div>\n\t\t\n\t\t<a class=\"elementor-post__read-more\" href=\"https:\/\/scmsolar.com\/es\/mantenimiento\/guia-mantenimiento\/\" aria-label=\"M\u00e1s informaci\u00f3n sobre Gu\u00eda para el Mantenimiento de las Placas Solares\" tabindex=\"-1\">\n\t\t\tLeer art\u00edculo\t\t<\/a>\n\n\t\t\t\t<\/div>\n\t\t\t\t<div class=\"elementor-post__meta-data\">\n\t\t\t\t\t<span class=\"elementor-post-date\">\n\t\t\t24 de octubre de 2024\t\t<\/span>\n\t\t\t\t<\/div>\n\t\t\t\t\t<\/div>\n\t\t<\/article>\n\t\t\t\t<article class=\"elementor-post elementor-grid-item post-11193 post type-post status-publish format-standard has-post-thumbnail hentry category-mantenimiento tag-a2 tag-brazo tag-d2\" role=\"listitem\">\n\t\t\t<div class=\"elementor-post__card\">\n\t\t\t\t<a class=\"elementor-post__thumbnail__link\" href=\"https:\/\/scmsolar.com\/es\/mantenimiento\/regulacion-electronica\/\" tabindex=\"-1\"><div class=\"elementor-post__thumbnail\"><img decoding=\"async\" width=\"1244\" height=\"700\" src=\"https:\/\/scmsolar.com\/wp-content\/uploads\/2022\/09\/VID_20220426_114801_Moment-1-copia.jpg\" class=\"attachment-full size-full wp-image-6120\" alt=\"\" srcset=\"https:\/\/scmsolar.com\/wp-content\/uploads\/2022\/09\/VID_20220426_114801_Moment-1-copia.jpg 1244w, https:\/\/scmsolar.com\/wp-content\/uploads\/2022\/09\/VID_20220426_114801_Moment-1-copia-300x169.jpg 300w, https:\/\/scmsolar.com\/wp-content\/uploads\/2022\/09\/VID_20220426_114801_Moment-1-copia-1024x576.jpg 1024w, https:\/\/scmsolar.com\/wp-content\/uploads\/2022\/09\/VID_20220426_114801_Moment-1-copia-768x432.jpg 768w, https:\/\/scmsolar.com\/wp-content\/uploads\/2022\/09\/VID_20220426_114801_Moment-1-copia-700x394.jpg 700w, https:\/\/scmsolar.com\/wp-content\/uploads\/2022\/09\/VID_20220426_114801_Moment-1-copia-539x303.jpg 539w\" sizes=\"(max-width: 1244px) 100vw, 1244px\" \/><\/div><\/a>\n\t\t\t\t<div class=\"elementor-post__badge\">Mantenimiento<\/div>\n\t\t\t\t<div class=\"elementor-post__text\">\n\t\t\t\t<h3 class=\"elementor-post__title\">\n\t\t\t<a href=\"https:\/\/scmsolar.com\/es\/mantenimiento\/regulacion-electronica\/\">\n\t\t\t\tVentajas de la regulaci\u00f3n electr\u00f3nica\t\t\t<\/a>\n\t\t<\/h3>\n\t\t\t\t<div class=\"elementor-post__excerpt\">\n\t\t\t<p>En la actualidad, vivimos en un mundo de constante evoluci\u00f3n y se cuenta con grandes descubrimientos que nos han permitido desarrollar cada vez maquinas m\u00e1s exactas. Por eso, en este art\u00edculo se realizar\u00e1 una breve comparativa y descubriremos las grandes ventajas de la regulaci\u00f3n electr\u00f3nica en los brazos de limpieza de parques fotovoltaicos.<\/p>\n\t\t<\/div>\n\t\t\n\t\t<a class=\"elementor-post__read-more\" href=\"https:\/\/scmsolar.com\/es\/mantenimiento\/regulacion-electronica\/\" aria-label=\"M\u00e1s informaci\u00f3n sobre Ventajas de la regulaci\u00f3n electr\u00f3nica\" tabindex=\"-1\">\n\t\t\tLeer art\u00edculo\t\t<\/a>\n\n\t\t\t\t<\/div>\n\t\t\t\t<div class=\"elementor-post__meta-data\">\n\t\t\t\t\t<span class=\"elementor-post-date\">\n\t\t\t10 de mayo de 2024\t\t<\/span>\n\t\t\t\t<\/div>\n\t\t\t\t\t<\/div>\n\t\t<\/article>\n\t\t\t\t<article class=\"elementor-post elementor-grid-item post-3771 post type-post status-publish format-standard has-post-thumbnail hentry category-noticias\" role=\"listitem\">\n\t\t\t<div class=\"elementor-post__card\">\n\t\t\t\t<a class=\"elementor-post__thumbnail__link\" href=\"https:\/\/scmsolar.com\/es\/noticias\/expofimer\/\" tabindex=\"-1\"><div class=\"elementor-post__thumbnail\"><img decoding=\"async\" width=\"1024\" height=\"576\" src=\"https:\/\/scmsolar.com\/wp-content\/uploads\/2022\/05\/2-Saharas-interconectadas-dron.jpg\" class=\"attachment-full size-full wp-image-4461\" alt=\"alt\" srcset=\"https:\/\/scmsolar.com\/wp-content\/uploads\/2022\/05\/2-Saharas-interconectadas-dron.jpg 1024w, https:\/\/scmsolar.com\/wp-content\/uploads\/2022\/05\/2-Saharas-interconectadas-dron-300x169.jpg 300w, https:\/\/scmsolar.com\/wp-content\/uploads\/2022\/05\/2-Saharas-interconectadas-dron-768x432.jpg 768w, https:\/\/scmsolar.com\/wp-content\/uploads\/2022\/05\/2-Saharas-interconectadas-dron-700x394.jpg 700w, https:\/\/scmsolar.com\/wp-content\/uploads\/2022\/05\/2-Saharas-interconectadas-dron-539x303.jpg 539w\" sizes=\"(max-width: 1024px) 100vw, 1024px\" \/><\/div><\/a>\n\t\t\t\t<div class=\"elementor-post__badge\">Noticias<\/div>\n\t\t\t\t<div class=\"elementor-post__text\">\n\t\t\t\t<h3 class=\"elementor-post__title\">\n\t\t\t<a href=\"https:\/\/scmsolar.com\/es\/noticias\/expofimer\/\">\n\t\t\t\tExpofimer\t\t\t<\/a>\n\t\t<\/h3>\n\t\t\t\t<div class=\"elementor-post__excerpt\">\n\t\t\t<p>El cuidado de nuestras energ\u00edas merece constantes mejoras en el hasta hoy no suficiente considerado mercado del mantenimiento de instalaciones de energ\u00edas renovables.<\/p>\n\t\t<\/div>\n\t\t\n\t\t<a class=\"elementor-post__read-more\" href=\"https:\/\/scmsolar.com\/es\/noticias\/expofimer\/\" aria-label=\"M\u00e1s informaci\u00f3n sobre Expofimer\" tabindex=\"-1\">\n\t\t\tLeer art\u00edculo\t\t<\/a>\n\n\t\t\t\t<\/div>\n\t\t\t\t<div class=\"elementor-post__meta-data\">\n\t\t\t\t\t<span class=\"elementor-post-date\">\n\t\t\t15 de julio de 2022\t\t<\/span>\n\t\t\t\t<\/div>\n\t\t\t\t\t<\/div>\n\t\t<\/article>\n\t\t\t\t<article class=\"elementor-post elementor-grid-item post-4201 post type-post status-publish format-standard has-post-thumbnail hentry category-noticias\" role=\"listitem\">\n\t\t\t<div class=\"elementor-post__card\">\n\t\t\t\t<a class=\"elementor-post__thumbnail__link\" href=\"https:\/\/scmsolar.com\/es\/noticias\/pyme-innovadora\/\" tabindex=\"-1\"><div class=\"elementor-post__thumbnail\"><img loading=\"lazy\" decoding=\"async\" width=\"2560\" height=\"1414\" src=\"https:\/\/scmsolar.com\/wp-content\/uploads\/2022\/05\/DakarAcciona-scaled.jpg\" class=\"attachment-full size-full wp-image-4457\" alt=\"Deposito de agua\" srcset=\"https:\/\/scmsolar.com\/wp-content\/uploads\/2022\/05\/DakarAcciona-scaled.jpg 2560w, https:\/\/scmsolar.com\/wp-content\/uploads\/2022\/05\/DakarAcciona-300x166.jpg 300w, https:\/\/scmsolar.com\/wp-content\/uploads\/2022\/05\/DakarAcciona-1024x566.jpg 1024w, https:\/\/scmsolar.com\/wp-content\/uploads\/2022\/05\/DakarAcciona-768x424.jpg 768w, https:\/\/scmsolar.com\/wp-content\/uploads\/2022\/05\/DakarAcciona-1536x848.jpg 1536w, https:\/\/scmsolar.com\/wp-content\/uploads\/2022\/05\/DakarAcciona-2048x1131.jpg 2048w, https:\/\/scmsolar.com\/wp-content\/uploads\/2022\/05\/DakarAcciona-700x387.jpg 700w\" sizes=\"(max-width: 2560px) 100vw, 2560px\" \/><\/div><\/a>\n\t\t\t\t<div class=\"elementor-post__badge\">Noticias<\/div>\n\t\t\t\t<div class=\"elementor-post__text\">\n\t\t\t\t<h3 class=\"elementor-post__title\">\n\t\t\t<a href=\"https:\/\/scmsolar.com\/es\/noticias\/pyme-innovadora\/\">\n\t\t\t\tPYME innovadora\t\t\t<\/a>\n\t\t<\/h3>\n\t\t\t\t<div class=\"elementor-post__excerpt\">\n\t\t\t<p>Dada la gran variedad de placas fotovoltaicas y estructuras de soporte que tienen los parques generadores de electricidad a partir de la energ\u00eda solar, hace que nuestro producto tenga mucho de \u201csoluci\u00f3n a medida para la limpieza de paneles e instalaciones solares\u201d. <\/p>\n\t\t<\/div>\n\t\t\n\t\t<a class=\"elementor-post__read-more\" href=\"https:\/\/scmsolar.com\/es\/noticias\/pyme-innovadora\/\" aria-label=\"M\u00e1s informaci\u00f3n sobre PYME innovadora\" tabindex=\"-1\">\n\t\t\tLeer art\u00edculo\t\t<\/a>\n\n\t\t\t\t<\/div>\n\t\t\t\t<div class=\"elementor-post__meta-data\">\n\t\t\t\t\t<span class=\"elementor-post-date\">\n\t\t\t3 de mayo de 2022\t\t<\/span>\n\t\t\t\t<\/div>\n\t\t\t\t\t<\/div>\n\t\t<\/article>\n\t\t\t\t<\/div>\n\t\t\n\t\t\t\t\t\t<\/div>\n\t\t\t\t<\/div>\n\t\t\t\t\t<\/div>\n\t\t<\/div>\n\t\t\t\t\t<\/div>\n\t\t<\/section>\n\t\t\t\t<section class=\"elementor-section elementor-top-section elementor-element elementor-element-f5b3749 elementor-section-boxed elementor-section-height-default elementor-section-height-default\" data-id=\"f5b3749\" data-element_type=\"section\" data-e-type=\"section\">\n\t\t\t\t\t\t<div class=\"elementor-container elementor-column-gap-default\">\n\t\t\t\t\t<div class=\"elementor-column elementor-col-100 elementor-top-column elementor-element elementor-element-6fcd596\" data-id=\"6fcd596\" data-element_type=\"column\" data-e-type=\"column\">\n\t\t\t<div class=\"elementor-widget-wrap elementor-element-populated\">\n\t\t\t\t\t\t<div class=\"elementor-element elementor-element-faa1f24 elementor-widget elementor-widget-spacer\" data-id=\"faa1f24\" data-element_type=\"widget\" data-e-type=\"widget\" data-widget_type=\"spacer.default\">\n\t\t\t\t<div class=\"elementor-widget-container\">\n\t\t\t\t\t\t\t<div class=\"elementor-spacer\">\n\t\t\t<div class=\"elementor-spacer-inner\"><\/div>\n\t\t<\/div>\n\t\t\t\t\t\t<\/div>\n\t\t\t\t<\/div>\n\t\t\t\t\t<\/div>\n\t\t<\/div>\n\t\t\t\t\t<\/div>\n\t\t<\/section>\n\t\t\t\t<section class=\"elementor-section elementor-top-section elementor-element elementor-element-68e3ef2 elementor-section-stretched elementor-section-boxed elementor-section-height-default elementor-section-height-default\" data-id=\"68e3ef2\" data-element_type=\"section\" data-e-type=\"section\" data-settings=\"{&quot;stretch_section&quot;:&quot;section-stretched&quot;,&quot;background_background&quot;:&quot;classic&quot;}\">\n\t\t\t\t\t\t\t<div class=\"elementor-background-overlay\"><\/div>\n\t\t\t\t\t\t\t<div class=\"elementor-container elementor-column-gap-default\">\n\t\t\t\t\t<div class=\"elementor-column elementor-col-100 elementor-top-column elementor-element elementor-element-7936220\" data-id=\"7936220\" data-element_type=\"column\" data-e-type=\"column\">\n\t\t\t<div class=\"elementor-widget-wrap elementor-element-populated\">\n\t\t\t\t\t\t<div class=\"elementor-element elementor-element-8bd6ab3 elementor-headline--style-rotate elementor-widget elementor-widget-animated-headline\" data-id=\"8bd6ab3\" data-element_type=\"widget\" data-e-type=\"widget\" data-settings=\"{&quot;headline_style&quot;:&quot;rotate&quot;,&quot;animation_type&quot;:&quot;slide&quot;,&quot;rotating_text&quot;:&quot;Brazo hidr\\u00e1ulico\\nRobot autom\\u00e1tico\\nRobot manual\\nPersonalizaci\\u00f3n&quot;,&quot;loop&quot;:&quot;yes&quot;,&quot;rotate_iteration_delay&quot;:2500}\" data-widget_type=\"animated-headline.default\">\n\t\t\t\t<div class=\"elementor-widget-container\">\n\t\t\t\t\t\t\t<h2 class=\"elementor-headline elementor-headline-animation-type-slide\">\n\t\t\t\t<span class=\"elementor-headline-dynamic-wrapper elementor-headline-text-wrapper\">\n\t\t\t\t\t<span class=\"elementor-headline-dynamic-text elementor-headline-text-active\">\n\t\t\t\tBrazo&nbsp;hidr\u00e1ulico\t\t\t<\/span>\n\t\t\t\t\t<span class=\"elementor-headline-dynamic-text\">\n\t\t\t\tRobot&nbsp;autom\u00e1tico\t\t\t<\/span>\n\t\t\t\t\t<span class=\"elementor-headline-dynamic-text\">\n\t\t\t\tRobot&nbsp;manual\t\t\t<\/span>\n\t\t\t\t\t<span class=\"elementor-headline-dynamic-text\">\n\t\t\t\tPersonalizaci\u00f3n\t\t\t<\/span>\n\t\t\t\t\t\t<\/span>\n\t\t\t\t<\/h2>\n\t\t\t\t\t\t<\/div>\n\t\t\t\t<\/div>\n\t\t\t\t<div class=\"elementor-element elementor-element-9991b2d elementor-widget elementor-widget-text-editor\" data-id=\"9991b2d\" data-element_type=\"widget\" data-e-type=\"widget\" data-widget_type=\"text-editor.default\">\n\t\t\t\t<div class=\"elementor-widget-container\">\n\t\t\t\t\t\t\t\t\tNo pretendemos vender un tipo de producto a toda costa. Nuestra misi\u00f3n es ofrecerte el mejor producto en funci\u00f3n de los diferentes tipos de problem\u00e1ticas a solucionar. Proponemos la mejor soluci\u00f3n a cada problem\u00e1tica de cada cliente, se haga o no con nuestros equipos.\t\t\t\t\t\t\t\t<\/div>\n\t\t\t\t<\/div>\n\t\t\t\t<div class=\"elementor-element elementor-element-8009f32 elementor-align-center elementor-widget elementor-widget-button\" data-id=\"8009f32\" data-element_type=\"widget\" data-e-type=\"widget\" data-widget_type=\"button.default\">\n\t\t\t\t<div class=\"elementor-widget-container\">\n\t\t\t\t\t\t\t\t\t<div class=\"elementor-button-wrapper\">\n\t\t\t\t\t<a class=\"elementor-button elementor-button-link elementor-size-sm elementor-animation-grow\" href=\"https:\/\/scmsolar.com\/es\/productos\/\">\n\t\t\t\t\t\t<span class=\"elementor-button-content-wrapper\">\n\t\t\t\t\t\t\t\t\t<span class=\"elementor-button-text\">VER PRODUCTOS<\/span>\n\t\t\t\t\t<\/span>\n\t\t\t\t\t<\/a>\n\t\t\t\t<\/div>\n\t\t\t\t\t\t\t\t<\/div>\n\t\t\t\t<\/div>\n\t\t\t\t\t<\/div>\n\t\t<\/div>\n\t\t\t\t\t<\/div>\n\t\t<\/section>\n\t\t\t\t<\/div>\n\t\t","protected":false},"excerpt":{"rendered":"<p>Blog Equipos de Limpieza Solar aprende sobre equipos de limpieza para paneles solares Soluciones eficientes de limpieza para paneles solares ya que, SCM es el \u00fanico fabricante mundial que ofrece soluciones tanto de brazos hidr\u00e1ulicos como de robots (manual y autom\u00e1tico), por lo que podemos aconsejar a nuestros clientes cu\u00e1l es la mejor soluci\u00f3n en&#8230;<\/p>\n","protected":false},"author":3,"featured_media":0,"parent":0,"menu_order":6,"comment_status":"closed","ping_status":"closed","template":"elementor_header_footer","meta":{"_kad_post_transparent":"","_kad_post_title":"","_kad_post_layout":"","_kad_post_sidebar_id":"","_kad_post_content_style":"","_kad_post_vertical_padding":"","_kad_post_feature":"","_kad_post_feature_position":"","_kad_post_header":false,"_kad_post_footer":false,"_kad_post_classname":"","footnotes":""},"class_list":["post-3545","page","type-page","status-publish","hentry"],"_links":{"self":[{"href":"https:\/\/scmsolar.com\/es\/wp-json\/wp\/v2\/pages\/3545","targetHints":{"allow":["GET"]}}],"collection":[{"href":"https:\/\/scmsolar.com\/es\/wp-json\/wp\/v2\/pages"}],"about":[{"href":"https:\/\/scmsolar.com\/es\/wp-json\/wp\/v2\/types\/page"}],"author":[{"embeddable":true,"href":"https:\/\/scmsolar.com\/es\/wp-json\/wp\/v2\/users\/3"}],"replies":[{"embeddable":true,"href":"https:\/\/scmsolar.com\/es\/wp-json\/wp\/v2\/comments?post=3545"}],"version-history":[{"count":66,"href":"https:\/\/scmsolar.com\/es\/wp-json\/wp\/v2\/pages\/3545\/revisions"}],"predecessor-version":[{"id":11507,"href":"https:\/\/scmsolar.com\/es\/wp-json\/wp\/v2\/pages\/3545\/revisions\/11507"}],"wp:attachment":[{"href":"https:\/\/scmsolar.com\/es\/wp-json\/wp\/v2\/media?parent=3545"}],"curies":[{"name":"wp","href":"https:\/\/api.w.org\/{rel}","templated":true}]}}